{"id":15,"date":"2019-03-19T06:44:54","date_gmt":"2019-03-19T06:44:54","guid":{"rendered":"https:\/\/immersafe-itn.eu\/TS2\/?page_id=15"},"modified":"2019-05-09T11:40:44","modified_gmt":"2019-05-09T11:40:44","slug":"venue","status":"publish","type":"page","link":"https:\/\/immersafe-itn.eu\/TS2\/venue\/","title":{"rendered":"Venue"},"content":{"rendered":"<p>The training school will take place in:<\/p>\n<p>M\u00e4lardalens H\u00f6gskola<\/p>\n<p>H\u00f6gskoleplan 1<\/p>\n<p>722 20 V\u00e4ster\u00e5s<\/p>\n<p><span style=\"font-size: 14pt\"><strong>HOW TO GET TO V\u00c4STER\u00c5S FROM ARLANDA AIRPORT<\/strong><\/span><\/p>\n<p><span style=\"text-decoration: underline\"><span style=\"color: #000000;font-family: 'comic sans ms', sans-serif;text-decoration: underline\">BY BUS<\/span><\/span><\/p>\n<p>There are two bus companies that cover the Arlanda Airport-V\u00e4ster\u00e5s journey:<br \/>\nNettbuss and Flixbus.<br \/>\nThe price for Nettbuss is 199 SEK (20 EUR or 28,60 CAD approx.)<br \/>\nThe price for Flixbus is 149 SEK (14,90 EUR or 21,40 CAD approx.)<\/p>\n<p>The best way to buy your ticket is to go directly to the information point once you\u2019ve arrived at the airport, they can purchase it for you and show you the way to the bus stop or solve any doubt you may have. The trip duration is<span style=\"text-decoration: underline\"> 90 minutes approximately.<\/span><\/p>\n<p><strong><span style=\"text-decoration: underline;font-family: 'comic sans ms', sans-serif\">BY TAXI<\/span><\/strong><\/p>\n<p>Taxis are available directly outside all terminals. You&#8217;ll only find taxis at the taxi stand that have an agreement with Stockholm Arlanda Airport. Contact the taxi rank officer if you would like to have a specific taxi company or if you have any questions. It takes around 75 minutes and the Uber price may vary between 1100-1400 SEK (110-140 EUR or 158-200 CAD approx.).<br \/>\nYou will find more information on: <a href=\"https:\/\/www.swedavia.com\/arlanda\/taxi\/\">https:\/\/www.swedavia.com\/arlanda\/taxi\/<\/a><\/p>\n<p><span style=\"text-decoration: underline\"><strong>WEBSITES<\/strong><\/span><br \/>\nOfficial Arlanda Airport website: <a href=\"https:\/\/www.swedavia.com\/arlanda\/\">https:\/\/www.swedavia.com\/arlanda\/<\/a><br \/>\nNettbuss website: <a href=\"https:\/\/www.nettbuss.se\">https:\/\/www.nettbuss.se<\/a><br \/>\nFlixbus website: <a href=\"https:\/\/global.flixbus.com\/wt_eid=2153907316263792043&amp;wt_t=1540549427909&amp;_ga=2.183448486.1294169981.1540545038-1731751294.1539073162&amp;_gac=1.60483167.1539341038.CjwKCAjwjIHeBRAnEiwAhYT2hweBPppRjtyVL5rmzEWn6xCTQ3eHx0JASpc_F5ixHCqQoiR3NdRehoCLTcQAvD_BwE\">https:\/\/global.flixbus.com\/wt_eid=2153907316263792043&amp;wt_t=1540549427909&amp;_ga=2.183448486.1294169981.1540545038-1731751294.1539073162&amp;_gac=1.60483167.1539341038.CjwKCAjwjIHeBRAnEiwAhYT2hweBPppRjtyVL5rmzEWn6xCTQ3eHx0JASpc_F5ixHCqQoiR3NdRehoCLTcQAvD_BwE<\/a><\/p>\n<p><span style=\"font-size: 14pt\"><strong>HOW TO GET TO MDH UNIVERSITY FROM HOTEL ARKAD\u00a0<\/strong><\/span><\/p>\n<p>From Hotel Arkad to MDH you need to walk for 14 minutes.<\/p>\n<p>ADRESS: \u00d6stermalmsgatan 25, 722 14 V\u00e4ster\u00e5s<\/p>\n<p><img loading=\"lazy\" class=\"alignnone wp-image-81\" src=\"https:\/\/immersafe-itn.eu\/TS2\/wp-content\/uploads\/sites\/4\/2019\/03\/Screenshot-2019-05-03-10.57.49-300x286.png\" alt=\"\" width=\"348\" height=\"332\" srcset=\"https:\/\/immersafe-itn.eu\/TS2\/wp-content\/uploads\/sites\/4\/2019\/03\/Screenshot-2019-05-03-10.57.49-300x286.png 300w, https:\/\/immersafe-itn.eu\/TS2\/wp-content\/uploads\/sites\/4\/2019\/03\/Screenshot-2019-05-03-10.57.49.png 713w\" sizes=\"(max-width: 348px) 100vw, 348px\" \/><\/p>\n<p><span style=\"font-size: 14pt\"><strong>HOW TO GET TO MDH UNIVERSITY FROM ROOM APARTMENT<\/strong><\/span><\/p>\n<p>Room apartment is 9 minutes walking distance from the university.<\/p>\n<p>ADRESS:\u00a0Norra All\u00e9gatan 24, 722 19 V\u00e4ster\u00e5s<\/p>\n<p><img loading=\"lazy\" class=\"alignnone wp-image-82\" src=\"https:\/\/immersafe-itn.eu\/TS2\/wp-content\/uploads\/sites\/4\/2019\/03\/Screenshot-2019-05-03-11.07.09-300x118.png\" alt=\"\" width=\"538\" height=\"211\" srcset=\"https:\/\/immersafe-itn.eu\/TS2\/wp-content\/uploads\/sites\/4\/2019\/03\/Screenshot-2019-05-03-11.07.09-300x118.png 300w, https:\/\/immersafe-itn.eu\/TS2\/wp-content\/uploads\/sites\/4\/2019\/03\/Screenshot-2019-05-03-11.07.09-768x303.png 768w, https:\/\/immersafe-itn.eu\/TS2\/wp-content\/uploads\/sites\/4\/2019\/03\/Screenshot-2019-05-03-11.07.09-1024x404.png 1024w, https:\/\/immersafe-itn.eu\/TS2\/wp-content\/uploads\/sites\/4\/2019\/03\/Screenshot-2019-05-03-11.07.09.png 1194w\" sizes=\"(max-width: 538px) 100vw, 538px\" \/><\/p>\n<p><span style=\"font-size: 14pt\"><strong>HOW TO GET TO MDH FROM HOTEL V\u00c4STER\u00c5S<\/strong><\/span><\/p>\n<p>Hotel V\u00e4ster\u00e5s is 11 minutes by walking from M\u00e4lardalens H\u00f6gskola.<\/p>\n<p>ADRESS:\u00a0Vasagatan 22, 722 15 V\u00e4ster\u00e5s<\/p>\n<p><img loading=\"lazy\" class=\"alignnone wp-image-83\" src=\"https:\/\/immersafe-itn.eu\/TS2\/wp-content\/uploads\/sites\/4\/2019\/03\/Screenshot-2019-05-03-11.18.27-190x300.png\" alt=\"\" width=\"261\" height=\"411\" srcset=\"https:\/\/immersafe-itn.eu\/TS2\/wp-content\/uploads\/sites\/4\/2019\/03\/Screenshot-2019-05-03-11.18.27-190x300.png 190w, https:\/\/immersafe-itn.eu\/TS2\/wp-content\/uploads\/sites\/4\/2019\/03\/Screenshot-2019-05-03-11.18.27.png 557w\" sizes=\"(max-width: 261px) 100vw, 261px\" \/><\/p>\n","protected":false},"excerpt":{"rendered":"<p>The training school will take place in: M\u00e4lardalens H\u00f6gskola H\u00f6gskoleplan 1 722 20 V\u00e4ster\u00e5s HOW TO GET TO V\u00c4STER\u00c5S FROM ARLANDA AIRPORT BY BUS There are two bus companies that cover the Arlanda Airport-V\u00e4ster\u00e5s journey: Nettbuss and Flixbus. The price for Nettbuss is 199 SEK (20 EUR or 28,60 CAD approx.) The price for Flixbus is 149 SEK (14,90 EUR or 21,40 CAD approx.) The best way to buy your ticket is to go directly to the information point once&hellip;<\/p>\n","protected":false},"author":2,"featured_media":81,"parent":0,"menu_order":0,"comment_status":"closed","ping_status":"closed","template":"","meta":[],"yoast_head":"<!-- This site is optimized with the Yoast SEO plugin v15.4 - https:\/\/yoast.com\/wordpress\/plugins\/seo\/ -->\n<title>Venue - TS on Distributed Embedded Systems<\/title>\n<meta name=\"robots\" content=\"index, follow, max-snippet:-1, max-image-preview:large, max-video-preview:-1\" \/>\n<link rel=\"canonical\" href=\"https:\/\/immersafe-itn.eu\/TS2\/venue\/\" \/>\n<meta property=\"og:locale\" content=\"en_US\" \/>\n<meta property=\"og:type\" content=\"article\" \/>\n<meta property=\"og:title\" content=\"Venue - TS on Distributed Embedded Systems\" \/>\n<meta property=\"og:description\" content=\"The training school will take place in: M\u00e4lardalens H\u00f6gskola H\u00f6gskoleplan 1 722 20 V\u00e4ster\u00e5s HOW TO GET TO V\u00c4STER\u00c5S FROM ARLANDA AIRPORT BY BUS There are two bus companies that cover the Arlanda Airport-V\u00e4ster\u00e5s journey: Nettbuss and Flixbus. The price for Nettbuss is 199 SEK (20 EUR or 28,60 CAD approx.) The price for Flixbus is 149 SEK (14,90 EUR or 21,40 CAD approx.) The best way to buy your ticket is to go directly to the information point once&hellip;\" \/>\n<meta property=\"og:url\" content=\"https:\/\/immersafe-itn.eu\/TS2\/venue\/\" \/>\n<meta property=\"og:site_name\" content=\"TS on Distributed Embedded Systems\" \/>\n<meta property=\"article:modified_time\" content=\"2019-05-09T11:40:44+00:00\" \/>\n<meta property=\"og:image\" content=\"https:\/\/immersafe-itn.eu\/TS2\/wp-content\/uploads\/sites\/4\/2019\/03\/Screenshot-2019-05-03-10.57.49.png\" \/>\n\t<meta property=\"og:image:width\" content=\"713\" \/>\n\t<meta property=\"og:image:height\" content=\"680\" \/>\n<meta name=\"twitter:card\" content=\"summary\" \/>\n<meta name=\"twitter:label1\" content=\"Written by\">\n\t<meta name=\"twitter:data1\" content=\"Laura Goncalves Ribeiro\">\n\t<meta name=\"twitter:label2\" content=\"Est. reading time\">\n\t<meta name=\"twitter:data2\" content=\"1 minute\">\n<script type=\"application\/ld+json\" class=\"yoast-schema-graph\">{\"@context\":\"https:\/\/schema.org\",\"@graph\":[{\"@type\":\"WebSite\",\"@id\":\"https:\/\/immersafe-itn.eu\/TS2\/#website\",\"url\":\"https:\/\/immersafe-itn.eu\/TS2\/\",\"name\":\"TS on Distributed Embedded Systems\",\"description\":\"\",\"potentialAction\":[{\"@type\":\"SearchAction\",\"target\":\"https:\/\/immersafe-itn.eu\/TS2\/?s={search_term_string}\",\"query-input\":\"required name=search_term_string\"}],\"inLanguage\":\"en-US\"},{\"@type\":\"ImageObject\",\"@id\":\"https:\/\/immersafe-itn.eu\/TS2\/venue\/#primaryimage\",\"inLanguage\":\"en-US\",\"url\":\"https:\/\/immersafe-itn.eu\/TS2\/wp-content\/uploads\/sites\/4\/2019\/03\/Screenshot-2019-05-03-10.57.49.png\",\"width\":713,\"height\":680},{\"@type\":\"WebPage\",\"@id\":\"https:\/\/immersafe-itn.eu\/TS2\/venue\/#webpage\",\"url\":\"https:\/\/immersafe-itn.eu\/TS2\/venue\/\",\"name\":\"Venue - TS on Distributed Embedded Systems\",\"isPartOf\":{\"@id\":\"https:\/\/immersafe-itn.eu\/TS2\/#website\"},\"primaryImageOfPage\":{\"@id\":\"https:\/\/immersafe-itn.eu\/TS2\/venue\/#primaryimage\"},\"datePublished\":\"2019-03-19T06:44:54+00:00\",\"dateModified\":\"2019-05-09T11:40:44+00:00\",\"inLanguage\":\"en-US\",\"potentialAction\":[{\"@type\":\"ReadAction\",\"target\":[\"https:\/\/immersafe-itn.eu\/TS2\/venue\/\"]}]}]}<\/script>\n<!-- \/ Yoast SEO plugin. -->","_links":{"self":[{"href":"https:\/\/immersafe-itn.eu\/TS2\/wp-json\/wp\/v2\/pages\/15"}],"collection":[{"href":"https:\/\/immersafe-itn.eu\/TS2\/wp-json\/wp\/v2\/pages"}],"about":[{"href":"https:\/\/immersafe-itn.eu\/TS2\/wp-json\/wp\/v2\/types\/page"}],"author":[{"embeddable":true,"href":"https:\/\/immersafe-itn.eu\/TS2\/wp-json\/wp\/v2\/users\/2"}],"replies":[{"embeddable":true,"href":"https:\/\/immersafe-itn.eu\/TS2\/wp-json\/wp\/v2\/comments?post=15"}],"version-history":[{"count":6,"href":"https:\/\/immersafe-itn.eu\/TS2\/wp-json\/wp\/v2\/pages\/15\/revisions"}],"predecessor-version":[{"id":102,"href":"https:\/\/immersafe-itn.eu\/TS2\/wp-json\/wp\/v2\/pages\/15\/revisions\/102"}],"wp:featuredmedia":[{"embeddable":true,"href":"https:\/\/immersafe-itn.eu\/TS2\/wp-json\/wp\/v2\/media\/81"}],"wp:attachment":[{"href":"https:\/\/immersafe-itn.eu\/TS2\/wp-json\/wp\/v2\/media?parent=15"}],"curies":[{"name":"wp","href":"https:\/\/api.w.org\/{rel}","templated":true}]}}