{"id":78,"date":"2018-09-05T07:28:28","date_gmt":"2018-09-05T07:28:28","guid":{"rendered":"https:\/\/immersafe-itn.eu\/TS1\/?page_id=78"},"modified":"2018-09-14T07:56:56","modified_gmt":"2018-09-14T07:56:56","slug":"organization","status":"publish","type":"page","link":"https:\/\/immersafe-itn.eu\/TS1\/organization\/","title":{"rendered":"Organization"},"content":{"rendered":"<p><span style=\"font-size: 14pt\"><strong>Organizing Committee<\/strong><\/span><\/p>\n<p>Sven Lon\u010dari\u0107, General Chair<br \/>\nMarko Suba\u0161i\u0107, Registration Chair<br \/>\nJelena Ivankovi\u0107, Publicity Chair<\/p>\n<p><span style=\"font-size: 14pt\"><strong>Advisory Board<\/strong><\/span><\/p>\n<p>Atanas Gotchev, Tampere University of Technology, Finland<br \/>\nJenny Read, Newcastle University, UK<\/p>\n<p><span style=\"font-size: 14pt\"><strong>Contacts<\/strong><\/span><\/p>\n<p><strong>General inquiries<\/strong>: Prof. Sven Lon\u010dari\u0107, <a href=\"mailto:sven.loncaric@fer.hr\" target=\"_blank\" rel=\"noopener\">sven.loncaric@fer.hr<\/a><br \/>\n<strong>Finance and administration<\/strong>: Ms Ana Kroflin, <a href=\"mailto:ana.kroflin@fer.hr\" target=\"_blank\" rel=\"noopener\">ana.kroflin@fer.hr<\/a><\/p>\n","protected":false},"excerpt":{"rendered":"<p>Organizing Committee Sven Lon\u010dari\u0107, General Chair Marko Suba\u0161i\u0107, Registration Chair Jelena Ivankovi\u0107, Publicity Chair Advisory Board Atanas Gotchev, Tampere University of Technology, Finland Jenny Read, Newcastle University, UK Contacts General inquiries: Prof. Sven Lon\u010dari\u0107, sven.loncaric@fer.hr Finance and administration: Ms Ana Kroflin, ana.kroflin@fer.hr<\/p>\n","protected":false},"author":8,"featured_media":0,"parent":0,"menu_order":0,"comment_status":"closed","ping_status":"closed","template":"","meta":[],"yoast_head":"<!-- This site is optimized with the Yoast SEO plugin v15.4 - https:\/\/yoast.com\/wordpress\/plugins\/seo\/ -->\n<title>Organization - TS on Immersive Imaging<\/title>\n<meta name=\"robots\" content=\"index, follow, max-snippet:-1, max-image-preview:large, max-video-preview:-1\" \/>\n<link rel=\"canonical\" href=\"https:\/\/immersafe-itn.eu\/TS1\/organization\/\" \/>\n<meta property=\"og:locale\" content=\"en_US\" \/>\n<meta property=\"og:type\" content=\"article\" \/>\n<meta property=\"og:title\" content=\"Organization - TS on Immersive Imaging\" \/>\n<meta property=\"og:description\" content=\"Organizing Committee Sven Lon\u010dari\u0107, General Chair Marko Suba\u0161i\u0107, Registration Chair Jelena Ivankovi\u0107, Publicity Chair Advisory Board Atanas Gotchev, Tampere University of Technology, Finland Jenny Read, Newcastle University, UK Contacts General inquiries: Prof. Sven Lon\u010dari\u0107, sven.loncaric@fer.hr Finance and administration: Ms Ana Kroflin, ana.kroflin@fer.hr\" \/>\n<meta property=\"og:url\" content=\"https:\/\/immersafe-itn.eu\/TS1\/organization\/\" \/>\n<meta property=\"og:site_name\" content=\"TS on Immersive Imaging\" \/>\n<meta property=\"article:modified_time\" content=\"2018-09-14T07:56:56+00:00\" \/>\n<meta name=\"twitter:card\" content=\"summary\" \/>\n<meta name=\"twitter:label1\" content=\"Written by\">\n\t<meta name=\"twitter:data1\" content=\"loncaric\">\n\t<meta name=\"twitter:label2\" content=\"Est. reading time\">\n\t<meta name=\"twitter:data2\" content=\"0 minutes\">\n<script type=\"application\/ld+json\" class=\"yoast-schema-graph\">{\"@context\":\"https:\/\/schema.org\",\"@graph\":[{\"@type\":\"WebSite\",\"@id\":\"https:\/\/immersafe-itn.eu\/TS1\/#website\",\"url\":\"https:\/\/immersafe-itn.eu\/TS1\/\",\"name\":\"TS on Immersive Imaging\",\"description\":\"\",\"potentialAction\":[{\"@type\":\"SearchAction\",\"target\":\"https:\/\/immersafe-itn.eu\/TS1\/?s={search_term_string}\",\"query-input\":\"required name=search_term_string\"}],\"inLanguage\":\"en-US\"},{\"@type\":\"WebPage\",\"@id\":\"https:\/\/immersafe-itn.eu\/TS1\/organization\/#webpage\",\"url\":\"https:\/\/immersafe-itn.eu\/TS1\/organization\/\",\"name\":\"Organization - TS on Immersive Imaging\",\"isPartOf\":{\"@id\":\"https:\/\/immersafe-itn.eu\/TS1\/#website\"},\"datePublished\":\"2018-09-05T07:28:28+00:00\",\"dateModified\":\"2018-09-14T07:56:56+00:00\",\"inLanguage\":\"en-US\",\"potentialAction\":[{\"@type\":\"ReadAction\",\"target\":[\"https:\/\/immersafe-itn.eu\/TS1\/organization\/\"]}]}]}<\/script>\n<!-- \/ Yoast SEO plugin. -->","_links":{"self":[{"href":"https:\/\/immersafe-itn.eu\/TS1\/wp-json\/wp\/v2\/pages\/78"}],"collection":[{"href":"https:\/\/immersafe-itn.eu\/TS1\/wp-json\/wp\/v2\/pages"}],"about":[{"href":"https:\/\/immersafe-itn.eu\/TS1\/wp-json\/wp\/v2\/types\/page"}],"author":[{"embeddable":true,"href":"https:\/\/immersafe-itn.eu\/TS1\/wp-json\/wp\/v2\/users\/8"}],"replies":[{"embeddable":true,"href":"https:\/\/immersafe-itn.eu\/TS1\/wp-json\/wp\/v2\/comments?post=78"}],"version-history":[{"count":7,"href":"https:\/\/immersafe-itn.eu\/TS1\/wp-json\/wp\/v2\/pages\/78\/revisions"}],"predecessor-version":[{"id":220,"href":"https:\/\/immersafe-itn.eu\/TS1\/wp-json\/wp\/v2\/pages\/78\/revisions\/220"}],"wp:attachment":[{"href":"https:\/\/immersafe-itn.eu\/TS1\/wp-json\/wp\/v2\/media?parent=78"}],"curies":[{"name":"wp","href":"https:\/\/api.w.org\/{rel}","templated":true}]}}